{"id":198,"date":"2023-03-15T16:30:47","date_gmt":"2023-03-15T16:30:47","guid":{"rendered":"https:\/\/tarvasjoki.fi\/?page_id=198"},"modified":"2023-03-15T16:40:01","modified_gmt":"2023-03-15T16:40:01","slug":"198-2","status":"publish","type":"page","link":"https:\/\/tarvasjoki.fi\/?page_id=198","title":{"rendered":"Valokuvia"},"content":{"rendered":"\n<figure class=\"wp-block-image\" id=\"block-b698cfb7-143c-4300-85dc-d6046c815d81\"><img decoding=\"async\" src=\"https:\/\/tarvasjoki.fi\/wp-content\/uploads\/2023\/03\/IMG_4595-1024x635.jpg\" alt=\"Makasiinissa tapahtuma\"\/><figcaption class=\"wp-element-caption\">Makasiinissa Tarvaisten tapahtuma 2022<\/figcaption><\/figure>\n\n\n\n<figure class=\"wp-block-image\" id=\"block-76f02d34-6258-49d8-9143-57f154fafd75\"><img decoding=\"async\" src=\"https:\/\/tarvasjoki.fi\/wp-content\/uploads\/2023\/03\/IMG_3988-768x1024.jpg\" alt=\"Tarvaisten musiikkitapahtuma juhannus 2021\"\/><figcaption class=\"wp-element-caption\">Tarvaisten musiikkitapahtuma juhannus 2021<\/figcaption><\/figure>\n\n\n\n<figure class=\"wp-block-image\" id=\"block-2fb852b0-b87e-464a-b3f5-1011bf88dc44\"><img decoding=\"async\" src=\"https:\/\/tarvasjoki.fi\/wp-content\/uploads\/2023\/03\/IMG_4204-768x1024.jpg\" alt=\"T\u00e4m\u00e4n kuvan alt-attribuutti on tyhj\u00e4; Tiedoston nimi on IMG_4204-768x1024.jpg\"\/><\/figure>\n\n\n\n<p>Kertun tupa ja keitti\u00f6<\/p>\n\n\n\n<figure class=\"wp-block-image\" id=\"block-78b3e06b-1f1e-43b8-a209-ccb2fa2d9f24\"><img decoding=\"async\" src=\"https:\/\/tarvasjoki.fi\/wp-content\/uploads\/2023\/03\/IMG_5102-1024x768.jpg\" alt=\"T\u00e4m\u00e4n kuvan alt-attribuutti on tyhj\u00e4; Tiedoston nimi on IMG_5102-1024x768.jpg\"\/><figcaption class=\"wp-element-caption\">Jouluvalot 2022<\/figcaption><\/figure>\n\n\n\n<p id=\"block-dc35f931-52dd-4a8d-af98-1da63b8b5ce1\">\ufeff<\/p>\n\n\n\n<hr class=\"wp-block-separator has-alpha-channel-opacity\" id=\"block-6ef7a7d3-b41a-4f9d-b39a-8459d7fd48fe\"\/>\n","protected":false},"excerpt":{"rendered":"<p>Kertun tupa ja keitti\u00f6 \ufeff<\/p>\n","protected":false},"author":1,"featured_media":0,"parent":0,"menu_order":0,"comment_status":"closed","ping_status":"closed","template":"","meta":{"footnotes":""},"class_list":["post-198","page","type-page","status-publish","hentry"],"_links":{"self":[{"href":"https:\/\/tarvasjoki.fi\/index.php?rest_route=\/wp\/v2\/pages\/198","targetHints":{"allow":["GET"]}}],"collection":[{"href":"https:\/\/tarvasjoki.fi\/index.php?rest_route=\/wp\/v2\/pages"}],"about":[{"href":"https:\/\/tarvasjoki.fi\/index.php?rest_route=\/wp\/v2\/types\/page"}],"author":[{"embeddable":true,"href":"https:\/\/tarvasjoki.fi\/index.php?rest_route=\/wp\/v2\/users\/1"}],"replies":[{"embeddable":true,"href":"https:\/\/tarvasjoki.fi\/index.php?rest_route=%2Fwp%2Fv2%2Fcomments&post=198"}],"version-history":[{"count":3,"href":"https:\/\/tarvasjoki.fi\/index.php?rest_route=\/wp\/v2\/pages\/198\/revisions"}],"predecessor-version":[{"id":203,"href":"https:\/\/tarvasjoki.fi\/index.php?rest_route=\/wp\/v2\/pages\/198\/revisions\/203"}],"wp:attachment":[{"href":"https:\/\/tarvasjoki.fi\/index.php?rest_route=%2Fwp%2Fv2%2Fmedia&parent=198"}],"curies":[{"name":"wp","href":"https:\/\/api.w.org\/{rel}","templated":true}]}}